{"id":16518,"date":"2024-09-24T11:29:12","date_gmt":"2024-09-24T17:29:12","guid":{"rendered":"https:\/\/pacifichomescostarica.com\/politique-de-confidentialite\/"},"modified":"2024-09-24T11:45:55","modified_gmt":"2024-09-24T17:45:55","slug":"politique-de-confidentialite","status":"publish","type":"page","link":"https:\/\/pacifichomescostarica.com\/fr\/politique-de-confidentialite\/","title":{"rendered":"Politique de confidentialit\u00e9"},"content":{"rendered":"\t\t<div data-elementor-type=\"wp-page\" data-elementor-id=\"16518\" class=\"elementor elementor-16518 elementor-16510\" data-elementor-settings=\"{&quot;element_pack_global_tooltip_width&quot;:{&quot;unit&quot;:&quot;px&quot;,&quot;size&quot;:&quot;&quot;,&quot;sizes&quot;:[]},&quot;element_pack_global_tooltip_width_tablet&quot;:{&quot;unit&quot;:&quot;px&quot;,&quot;size&quot;:&quot;&quot;,&quot;sizes&quot;:[]},&quot;element_pack_global_tooltip_width_mobile&quot;:{&quot;unit&quot;:&quot;px&quot;,&quot;size&quot;:&quot;&quot;,&quot;sizes&quot;:[]},&quot;element_pack_global_tooltip_padding&quot;:{&quot;unit&quot;:&quot;px&quot;,&quot;top&quot;:&quot;&quot;,&quot;right&quot;:&quot;&quot;,&quot;bottom&quot;:&quot;&quot;,&quot;left&quot;:&quot;&quot;,&quot;isLinked&quot;:true},&quot;element_pack_global_tooltip_padding_tablet&quot;:{&quot;unit&quot;:&quot;px&quot;,&quot;top&quot;:&quot;&quot;,&quot;right&quot;:&quot;&quot;,&quot;bottom&quot;:&quot;&quot;,&quot;left&quot;:&quot;&quot;,&quot;isLinked&quot;:true},&quot;element_pack_global_tooltip_padding_mobile&quot;:{&quot;unit&quot;:&quot;px&quot;,&quot;top&quot;:&quot;&quot;,&quot;right&quot;:&quot;&quot;,&quot;bottom&quot;:&quot;&quot;,&quot;left&quot;:&quot;&quot;,&quot;isLinked&quot;:true},&quot;element_pack_global_tooltip_border_radius&quot;:{&quot;unit&quot;:&quot;px&quot;,&quot;top&quot;:&quot;&quot;,&quot;right&quot;:&quot;&quot;,&quot;bottom&quot;:&quot;&quot;,&quot;left&quot;:&quot;&quot;,&quot;isLinked&quot;:true},&quot;element_pack_global_tooltip_border_radius_tablet&quot;:{&quot;unit&quot;:&quot;px&quot;,&quot;top&quot;:&quot;&quot;,&quot;right&quot;:&quot;&quot;,&quot;bottom&quot;:&quot;&quot;,&quot;left&quot;:&quot;&quot;,&quot;isLinked&quot;:true},&quot;element_pack_global_tooltip_border_radius_mobile&quot;:{&quot;unit&quot;:&quot;px&quot;,&quot;top&quot;:&quot;&quot;,&quot;right&quot;:&quot;&quot;,&quot;bottom&quot;:&quot;&quot;,&quot;left&quot;:&quot;&quot;,&quot;isLinked&quot;:true}}\" data-elementor-post-type=\"page\">\n\t\t\t\t\t\t<section class=\"elementor-section elementor-top-section elementor-element elementor-element-34a7116 elementor-section-boxed elementor-section-height-default elementor-section-height-default\" data-id=\"34a7116\" data-element_type=\"section\" data-e-type=\"section\" data-settings=\"{&quot;background_background&quot;:&quot;classic&quot;}\">\n\t\t\t\t\t\t<div class=\"elementor-container elementor-column-gap-default\">\n\t\t\t\t\t<div class=\"elementor-column elementor-col-100 elementor-top-column elementor-element elementor-element-65991d5\" data-id=\"65991d5\" data-element_type=\"column\" data-e-type=\"column\">\n\t\t\t<div class=\"elementor-widget-wrap elementor-element-populated\">\n\t\t\t\t\t\t<div class=\"elementor-element elementor-element-f07af47 elementor-widget elementor-widget-text-editor\" data-id=\"f07af47\" data-element_type=\"widget\" data-e-type=\"widget\" data-widget_type=\"text-editor.default\">\n\t\t\t\t<div class=\"elementor-widget-container\">\n\t\t\t\t\t\t\t\t\t<p>La confidentialit\u00e9 et la protection de vos donn\u00e9es sont une priorit\u00e9 pour nous.<br \/>\nCette politique d\u00e9crit les types d\u2019informations que nous recueillons lorsque vous visitez notre site Web, www.pacifichomescostarica.com et comment nous les utilisons.<br \/>\nEn utilisant notre site Web, vous acceptez les termes de cette politique.<br \/>\nSi vous n\u2019\u00eates pas d\u2019accord, veuillez ne pas utiliser le site Web.   <\/p>\n\t\t\t\t\t\t\t\t<\/div>\n\t\t\t\t<\/div>\n\t\t\t\t<div class=\"elementor-element elementor-element-68c9422 elementor-widget elementor-widget-heading\" data-id=\"68c9422\" data-element_type=\"widget\" data-e-type=\"widget\" data-widget_type=\"heading.default\">\n\t\t\t\t<div class=\"elementor-widget-container\">\n\t\t\t\t\t<h3 class=\"elementor-heading-title elementor-size-default\">Informations que nous recueillons<\/h3>\t\t\t\t<\/div>\n\t\t\t\t<\/div>\n\t\t\t\t<div class=\"elementor-element elementor-element-3406d64 elementor-widget elementor-widget-text-editor\" data-id=\"3406d64\" data-element_type=\"widget\" data-e-type=\"widget\" data-widget_type=\"text-editor.default\">\n\t\t\t\t<div class=\"elementor-widget-container\">\n\t\t\t\t\t\t\t\t\t<p>Nous ne recueillons des informations personnellement identifiables que si vous les fournissez volontairement.<br \/>\nVous pouvez visiter notre<br \/>de mani\u00e8re anonyme si vous pr\u00e9f\u00e9rez.<br \/>\nLes informations que nous pouvons collecter comprennent :  <\/p>\n<ul>\n<li>Nom<\/li>\n<li>Nom de famille<\/li>\n<li>Num\u00e9ro de t\u00e9l\u00e9phone<\/li>\n<li>Adresse courriel<\/li>\n<li>Informations relatives \u00e0 l\u2019entreprise<\/li>\n<\/ul>\n<p>Nous collectons \u00e9galement des donn\u00e9es non personnelles telles que :<\/p>\n<ul>\n<li>Date et heure de votre visite<\/li>\n<li>Adresse IP<\/li>\n<li>Informations sur le navigateur<\/li>\n<li>URL de r\u00e9f\u00e9rence et de sortie<\/li>\n<li>Fonctionnalit\u00e9s consult\u00e9es sur notre site Web<\/li>\n<\/ul>\n\t\t\t\t\t\t\t\t<\/div>\n\t\t\t\t<\/div>\n\t\t\t\t<div class=\"elementor-element elementor-element-7f712f5 elementor-widget elementor-widget-heading\" data-id=\"7f712f5\" data-element_type=\"widget\" data-e-type=\"widget\" data-widget_type=\"heading.default\">\n\t\t\t\t<div class=\"elementor-widget-container\">\n\t\t\t\t\t<h3 class=\"elementor-heading-title elementor-size-default\">Partage des informations collect\u00e9es<\/h3>\t\t\t\t<\/div>\n\t\t\t\t<\/div>\n\t\t\t\t<div class=\"elementor-element elementor-element-338b0ce elementor-widget elementor-widget-text-editor\" data-id=\"338b0ce\" data-element_type=\"widget\" data-e-type=\"widget\" data-widget_type=\"text-editor.default\">\n\t\t\t\t<div class=\"elementor-widget-container\">\n\t\t\t\t\t\t\t\t\t<p>Nous ne vendons pas, n\u2019\u00e9changeons pas et ne louons pas vos informations personnelles \u00e0 des tiers.<br \/>\nLes informations g\u00e9n\u00e9rales ne peuvent \u00eatre partag\u00e9es avec nos partenaires commerciaux qu\u2019en relation avec les activit\u00e9s de Pacific Homes Costa Rica, et uniquement avec votre consentement. <\/p>\n\t\t\t\t\t\t\t\t<\/div>\n\t\t\t\t<\/div>\n\t\t\t\t<div class=\"elementor-element elementor-element-29008ed elementor-widget elementor-widget-heading\" data-id=\"29008ed\" data-element_type=\"widget\" data-e-type=\"widget\" data-widget_type=\"heading.default\">\n\t\t\t\t<div class=\"elementor-widget-container\">\n\t\t\t\t\t<h3 class=\"elementor-heading-title elementor-size-default\">Utilisation des cookies<\/h3>\t\t\t\t<\/div>\n\t\t\t\t<\/div>\n\t\t\t\t<div class=\"elementor-element elementor-element-92fc811 elementor-widget elementor-widget-text-editor\" data-id=\"92fc811\" data-element_type=\"widget\" data-e-type=\"widget\" data-widget_type=\"text-editor.default\">\n\t\t\t\t<div class=\"elementor-widget-container\">\n\t\t\t\t\t\t\t\t\t<p>Notre site peut utiliser des cookies pour am\u00e9liorer l\u2019exp\u00e9rience utilisateur.<br \/>\nVous pouvez choisir de refuser les cookies ou de recevoir des alertes lorsqu\u2019ils sont envoy\u00e9s.<br \/>\nCependant, certaines parties du site peuvent ne pas fonctionner correctement si les cookies sont d\u00e9sactiv\u00e9s.  <\/p>\n\t\t\t\t\t\t\t\t<\/div>\n\t\t\t\t<\/div>\n\t\t\t\t<div class=\"elementor-element elementor-element-1569416 elementor-widget elementor-widget-heading\" data-id=\"1569416\" data-element_type=\"widget\" data-e-type=\"widget\" data-widget_type=\"heading.default\">\n\t\t\t\t<div class=\"elementor-widget-container\">\n\t\t\t\t\t<h3 class=\"elementor-heading-title elementor-size-default\">Utilisation des informations collect\u00e9es<\/h3>\t\t\t\t<\/div>\n\t\t\t\t<\/div>\n\t\t\t\t<div class=\"elementor-element elementor-element-0886449 elementor-widget elementor-widget-text-editor\" data-id=\"0886449\" data-element_type=\"widget\" data-e-type=\"widget\" data-widget_type=\"text-editor.default\">\n\t\t\t\t<div class=\"elementor-widget-container\">\n\t\t\t\t\t\t\t\t\t<p>Nous utilisons vos informations pour r\u00e9pondre aux demandes de renseignements et pour vous informer des \u00e9v\u00e9nements li\u00e9s \u00e0 vos demandes.<\/p>\n\t\t\t\t\t\t\t\t<\/div>\n\t\t\t\t<\/div>\n\t\t\t\t<div class=\"elementor-element elementor-element-ef20cec elementor-widget elementor-widget-heading\" data-id=\"ef20cec\" data-element_type=\"widget\" data-e-type=\"widget\" data-widget_type=\"heading.default\">\n\t\t\t\t<div class=\"elementor-widget-container\">\n\t\t\t\t\t<h3 class=\"elementor-heading-title elementor-size-default\">Protection des informations collect\u00e9es<\/h3>\t\t\t\t<\/div>\n\t\t\t\t<\/div>\n\t\t\t\t<div class=\"elementor-element elementor-element-06be6a1 elementor-widget elementor-widget-text-editor\" data-id=\"06be6a1\" data-element_type=\"widget\" data-e-type=\"widget\" data-widget_type=\"text-editor.default\">\n\t\t\t\t<div class=\"elementor-widget-container\">\n\t\t\t\t\t\t\t\t\t<p>Les informations collect\u00e9es sont stock\u00e9es en toute s\u00e9curit\u00e9 et accessibles uniquement par le personnel autoris\u00e9.<br \/>\nElles ne seront ni vendues ni partag\u00e9es avec des tiers non identifi\u00e9s.<br \/>\nLes informations ne peuvent \u00eatre partag\u00e9es avec des tiers identifi\u00e9s que pour r\u00e9pondre \u00e0 des demandes sp\u00e9cifiques de l\u2019utilisateur, et uniquement avec la connaissance pr\u00e9alable de l\u2019utilisateur.  <\/p>\n\t\t\t\t\t\t\t\t<\/div>\n\t\t\t\t<\/div>\n\t\t\t\t<div class=\"elementor-element elementor-element-9960400 elementor-widget elementor-widget-heading\" data-id=\"9960400\" data-element_type=\"widget\" data-e-type=\"widget\" data-widget_type=\"heading.default\">\n\t\t\t\t<div class=\"elementor-widget-container\">\n\t\t\t\t\t<h3 class=\"elementor-heading-title elementor-size-default\">Modifications de la politique<\/h3>\t\t\t\t<\/div>\n\t\t\t\t<\/div>\n\t\t\t\t<div class=\"elementor-element elementor-element-3235964 elementor-widget elementor-widget-text-editor\" data-id=\"3235964\" data-element_type=\"widget\" data-e-type=\"widget\" data-widget_type=\"text-editor.default\">\n\t\t\t\t<div class=\"elementor-widget-container\">\n\t\t\t\t\t\t\t\t\t<p>Veuillez consulter r\u00e9guli\u00e8rement notre politique de confidentialit\u00e9, car nous pouvons la mettre \u00e0 jour pour renforcer votre protection et am\u00e9liorer nos services.<\/p>\n\t\t\t\t\t\t\t\t<\/div>\n\t\t\t\t<\/div>\n\t\t\t\t<div class=\"elementor-element elementor-element-6f6a73c elementor-widget elementor-widget-heading\" data-id=\"6f6a73c\" data-element_type=\"widget\" data-e-type=\"widget\" data-widget_type=\"heading.default\">\n\t\t\t\t<div class=\"elementor-widget-container\">\n\t\t\t\t\t<h3 class=\"elementor-heading-title elementor-size-default\">Alerte d\u2019information<\/h3>\t\t\t\t<\/div>\n\t\t\t\t<\/div>\n\t\t\t\t<div class=\"elementor-element elementor-element-b0bcf93 elementor-widget elementor-widget-text-editor\" data-id=\"b0bcf93\" data-element_type=\"widget\" data-e-type=\"widget\" data-widget_type=\"text-editor.default\">\n\t\t\t\t<div class=\"elementor-widget-container\">\n\t\t\t\t\t\t\t\t\t<p>Si vous remarquez que les informations que vous avez fournies sur ce site sont perdues, vol\u00e9es ou utilis\u00e9es sans votre permission, veuillez nous en informer rapidement.<\/p>\n\t\t\t\t\t\t\t\t<\/div>\n\t\t\t\t<\/div>\n\t\t\t\t<div class=\"elementor-element elementor-element-dd8a06d elementor-widget elementor-widget-heading\" data-id=\"dd8a06d\" data-element_type=\"widget\" data-e-type=\"widget\" data-widget_type=\"heading.default\">\n\t\t\t\t<div class=\"elementor-widget-container\">\n\t\t\t\t\t<h3 class=\"elementor-heading-title elementor-size-default\">Limitation de responsabilit\u00e9<\/h3>\t\t\t\t<\/div>\n\t\t\t\t<\/div>\n\t\t\t\t<div class=\"elementor-element elementor-element-cbfd707 elementor-widget elementor-widget-text-editor\" data-id=\"cbfd707\" data-element_type=\"widget\" data-e-type=\"widget\" data-widget_type=\"text-editor.default\">\n\t\t\t\t<div class=\"elementor-widget-container\">\n\t\t\t\t\t\t\t\t\t<p>Nous ne sommes pas responsables des dommages (y compris, mais sans s\u2019y limiter, les dommages directs, indirects, punitifs, sp\u00e9ciaux, accessoires ou cons\u00e9cutifs) d\u00e9coulant de l\u2019utilisation d\u2019informations ou de documents sur ce site, m\u00eame si nous avons \u00e9t\u00e9 inform\u00e9s de la possibilit\u00e9 de tels dommages.<\/p>\n\t\t\t\t\t\t\t\t<\/div>\n\t\t\t\t<\/div>\n\t\t\t\t<div class=\"elementor-element elementor-element-0ee2707 elementor-widget elementor-widget-heading\" data-id=\"0ee2707\" data-element_type=\"widget\" data-e-type=\"widget\" data-widget_type=\"heading.default\">\n\t\t\t\t<div class=\"elementor-widget-container\">\n\t\t\t\t\t<h3 class=\"elementor-heading-title elementor-size-default\">Droit applicable<\/h3>\t\t\t\t<\/div>\n\t\t\t\t<\/div>\n\t\t\t\t<div class=\"elementor-element elementor-element-27efaa6 elementor-widget elementor-widget-text-editor\" data-id=\"27efaa6\" data-element_type=\"widget\" data-e-type=\"widget\" data-widget_type=\"text-editor.default\">\n\t\t\t\t<div class=\"elementor-widget-container\">\n\t\t\t\t\t\t\t\t\t<p>Cette politique est r\u00e9gie par les lois de l\u2019\u00c9tat o\u00f9 notre soci\u00e9t\u00e9 est constitu\u00e9e, sans \u00e9gard aux principes de conflit de lois.<\/p>\n\t\t\t\t\t\t\t\t<\/div>\n\t\t\t\t<\/div>\n\t\t\t\t<div class=\"elementor-element elementor-element-96d6805 elementor-widget elementor-widget-heading\" data-id=\"96d6805\" data-element_type=\"widget\" data-e-type=\"widget\" data-widget_type=\"heading.default\">\n\t\t\t\t<div class=\"elementor-widget-container\">\n\t\t\t\t\t<h3 class=\"elementor-heading-title elementor-size-default\">Nous Contacter<\/h3>\t\t\t\t<\/div>\n\t\t\t\t<\/div>\n\t\t\t\t<div class=\"elementor-element elementor-element-541843d elementor-widget elementor-widget-text-editor\" data-id=\"541843d\" data-element_type=\"widget\" data-e-type=\"widget\" data-widget_type=\"text-editor.default\">\n\t\t\t\t<div class=\"elementor-widget-container\">\n\t\t\t\t\t\t\t\t\t<p>Pour toute question ou commentaire concernant cette politique ou nos pratiques de collecte de renseignements, n\u2019h\u00e9sitez pas \u00e0 nous contacter.<\/p>\n\t\t\t\t\t\t\t\t<\/div>\n\t\t\t\t<\/div>\n\t\t\t\t\t<\/div>\n\t\t<\/div>\n\t\t\t\t\t<\/div>\n\t\t<\/section>\n\t\t\t\t<\/div>\n\t\t","protected":false},"excerpt":{"rendered":"<p>La confidentialit\u00e9 et la protection de vos donn\u00e9es sont une priorit\u00e9 pour nous. Cette politique d\u00e9crit les types d\u2019informations que nous recueillons lorsque vous visitez notre site Web, www.pacifichomescostarica.com et comment nous les utilisons. En utilisant notre site Web, vous acceptez les termes de cette politique. Si vous n\u2019\u00eates pas d\u2019accord, veuillez ne pas utiliser [&hellip;]<\/p>\n","protected":false},"author":1,"featured_media":5013,"parent":0,"menu_order":0,"comment_status":"closed","ping_status":"closed","template":"elementor_header_footer","meta":{"_monsterinsights_skip_tracking":false,"_monsterinsights_sitenote_active":false,"_monsterinsights_sitenote_note":"","_monsterinsights_sitenote_category":0,"footnotes":""},"class_list":["post-16518","page","type-page","status-publish","has-post-thumbnail","hentry"],"yoast_head":"<!-- This site is optimized with the Yoast SEO plugin v27.4 - https:\/\/yoast.com\/product\/yoast-seo-wordpress\/ -->\n<title>Politique de confidentialit\u00e9 - Pacific Homes Costa Rica<\/title>\n<meta name=\"robots\" content=\"index, follow, max-snippet:-1, max-image-preview:large, max-video-preview:-1\" \/>\n<link rel=\"canonical\" href=\"https:\/\/pacifichomescostarica.com\/fr\/politique-de-confidentialite\/\" \/>\n<meta property=\"og:locale\" content=\"fr_FR\" \/>\n<meta property=\"og:type\" content=\"article\" \/>\n<meta property=\"og:title\" content=\"Politique de confidentialit\u00e9 - Pacific Homes Costa Rica\" \/>\n<meta property=\"og:description\" content=\"La confidentialit\u00e9 et la protection de vos donn\u00e9es sont une priorit\u00e9 pour nous. Cette politique d\u00e9crit les types d\u2019informations que nous recueillons lorsque vous visitez notre site Web, www.pacifichomescostarica.com et comment nous les utilisons. En utilisant notre site Web, vous acceptez les termes de cette politique. Si vous n\u2019\u00eates pas d\u2019accord, veuillez ne pas utiliser [&hellip;]\" \/>\n<meta property=\"og:url\" content=\"https:\/\/pacifichomescostarica.com\/fr\/politique-de-confidentialite\/\" \/>\n<meta property=\"og:site_name\" content=\"Pacific Homes Costa Rica\" \/>\n<meta property=\"article:modified_time\" content=\"2024-09-24T17:45:55+00:00\" \/>\n<meta property=\"og:image\" content=\"https:\/\/pacifichomescostarica.com\/wp-content\/uploads\/2023\/06\/about-me-pacific-homes-costa-rica.jpg\" \/>\n\t<meta property=\"og:image:width\" content=\"960\" \/>\n\t<meta property=\"og:image:height\" content=\"450\" \/>\n\t<meta property=\"og:image:type\" content=\"image\/jpeg\" \/>\n<meta name=\"twitter:card\" content=\"summary_large_image\" \/>\n<meta name=\"twitter:label1\" content=\"Dur\u00e9e de lecture estim\u00e9e\" \/>\n\t<meta name=\"twitter:data1\" content=\"3 minutes\" \/>\n<script type=\"application\/ld+json\" class=\"yoast-schema-graph\">{\"@context\":\"https:\\\/\\\/schema.org\",\"@graph\":[{\"@type\":\"WebPage\",\"@id\":\"https:\\\/\\\/pacifichomescostarica.com\\\/fr\\\/politique-de-confidentialite\\\/\",\"url\":\"https:\\\/\\\/pacifichomescostarica.com\\\/fr\\\/politique-de-confidentialite\\\/\",\"name\":\"Politique de confidentialit\u00e9 - Pacific Homes Costa Rica\",\"isPartOf\":{\"@id\":\"https:\\\/\\\/pacifichomescostarica.com\\\/fr\\\/#website\"},\"primaryImageOfPage\":{\"@id\":\"https:\\\/\\\/pacifichomescostarica.com\\\/fr\\\/politique-de-confidentialite\\\/#primaryimage\"},\"image\":{\"@id\":\"https:\\\/\\\/pacifichomescostarica.com\\\/fr\\\/politique-de-confidentialite\\\/#primaryimage\"},\"thumbnailUrl\":\"https:\\\/\\\/pacifichomescostarica.com\\\/wp-content\\\/uploads\\\/2023\\\/06\\\/about-me-pacific-homes-costa-rica.jpg\",\"datePublished\":\"2024-09-24T17:29:12+00:00\",\"dateModified\":\"2024-09-24T17:45:55+00:00\",\"breadcrumb\":{\"@id\":\"https:\\\/\\\/pacifichomescostarica.com\\\/fr\\\/politique-de-confidentialite\\\/#breadcrumb\"},\"inLanguage\":\"fr-FR\",\"potentialAction\":[{\"@type\":\"ReadAction\",\"target\":[\"https:\\\/\\\/pacifichomescostarica.com\\\/fr\\\/politique-de-confidentialite\\\/\"]}]},{\"@type\":\"ImageObject\",\"inLanguage\":\"fr-FR\",\"@id\":\"https:\\\/\\\/pacifichomescostarica.com\\\/fr\\\/politique-de-confidentialite\\\/#primaryimage\",\"url\":\"https:\\\/\\\/pacifichomescostarica.com\\\/wp-content\\\/uploads\\\/2023\\\/06\\\/about-me-pacific-homes-costa-rica.jpg\",\"contentUrl\":\"https:\\\/\\\/pacifichomescostarica.com\\\/wp-content\\\/uploads\\\/2023\\\/06\\\/about-me-pacific-homes-costa-rica.jpg\",\"width\":960,\"height\":450,\"caption\":\"about-me-pacific-homes-costa-rica\"},{\"@type\":\"BreadcrumbList\",\"@id\":\"https:\\\/\\\/pacifichomescostarica.com\\\/fr\\\/politique-de-confidentialite\\\/#breadcrumb\",\"itemListElement\":[{\"@type\":\"ListItem\",\"position\":1,\"name\":\"Home\",\"item\":\"https:\\\/\\\/pacifichomescostarica.com\\\/fr\\\/\"},{\"@type\":\"ListItem\",\"position\":2,\"name\":\"Politique de confidentialit\u00e9\"}]},{\"@type\":\"WebSite\",\"@id\":\"https:\\\/\\\/pacifichomescostarica.com\\\/fr\\\/#website\",\"url\":\"https:\\\/\\\/pacifichomescostarica.com\\\/fr\\\/\",\"name\":\"Pacific Homes Costa Rica\",\"description\":\"Real Estate in Samara\",\"publisher\":{\"@id\":\"https:\\\/\\\/pacifichomescostarica.com\\\/fr\\\/#organization\"},\"potentialAction\":[{\"@type\":\"SearchAction\",\"target\":{\"@type\":\"EntryPoint\",\"urlTemplate\":\"https:\\\/\\\/pacifichomescostarica.com\\\/fr\\\/?s={search_term_string}\"},\"query-input\":{\"@type\":\"PropertyValueSpecification\",\"valueRequired\":true,\"valueName\":\"search_term_string\"}}],\"inLanguage\":\"fr-FR\"},{\"@type\":\"Organization\",\"@id\":\"https:\\\/\\\/pacifichomescostarica.com\\\/fr\\\/#organization\",\"name\":\"Pacific Homes Costa Rica\",\"url\":\"https:\\\/\\\/pacifichomescostarica.com\\\/fr\\\/\",\"logo\":{\"@type\":\"ImageObject\",\"inLanguage\":\"fr-FR\",\"@id\":\"https:\\\/\\\/pacifichomescostarica.com\\\/fr\\\/#\\\/schema\\\/logo\\\/image\\\/\",\"url\":\"https:\\\/\\\/pacifichomescostarica.com\\\/wp-content\\\/uploads\\\/2023\\\/04\\\/Nouveau-Logo-Blanc-transparent-1.png\",\"contentUrl\":\"https:\\\/\\\/pacifichomescostarica.com\\\/wp-content\\\/uploads\\\/2023\\\/04\\\/Nouveau-Logo-Blanc-transparent-1.png\",\"width\":1084,\"height\":462,\"caption\":\"Pacific Homes Costa Rica\"},\"image\":{\"@id\":\"https:\\\/\\\/pacifichomescostarica.com\\\/fr\\\/#\\\/schema\\\/logo\\\/image\\\/\"}}]}<\/script>\n<!-- \/ Yoast SEO plugin. -->","yoast_head_json":{"title":"Politique de confidentialit\u00e9 - Pacific Homes Costa Rica","robots":{"index":"index","follow":"follow","max-snippet":"max-snippet:-1","max-image-preview":"max-image-preview:large","max-video-preview":"max-video-preview:-1"},"canonical":"https:\/\/pacifichomescostarica.com\/fr\/politique-de-confidentialite\/","og_locale":"fr_FR","og_type":"article","og_title":"Politique de confidentialit\u00e9 - Pacific Homes Costa Rica","og_description":"La confidentialit\u00e9 et la protection de vos donn\u00e9es sont une priorit\u00e9 pour nous. Cette politique d\u00e9crit les types d\u2019informations que nous recueillons lorsque vous visitez notre site Web, www.pacifichomescostarica.com et comment nous les utilisons. En utilisant notre site Web, vous acceptez les termes de cette politique. Si vous n\u2019\u00eates pas d\u2019accord, veuillez ne pas utiliser [&hellip;]","og_url":"https:\/\/pacifichomescostarica.com\/fr\/politique-de-confidentialite\/","og_site_name":"Pacific Homes Costa Rica","article_modified_time":"2024-09-24T17:45:55+00:00","og_image":[{"width":960,"height":450,"url":"https:\/\/pacifichomescostarica.com\/wp-content\/uploads\/2023\/06\/about-me-pacific-homes-costa-rica.jpg","type":"image\/jpeg"}],"twitter_card":"summary_large_image","twitter_misc":{"Dur\u00e9e de lecture estim\u00e9e":"3 minutes"},"schema":{"@context":"https:\/\/schema.org","@graph":[{"@type":"WebPage","@id":"https:\/\/pacifichomescostarica.com\/fr\/politique-de-confidentialite\/","url":"https:\/\/pacifichomescostarica.com\/fr\/politique-de-confidentialite\/","name":"Politique de confidentialit\u00e9 - Pacific Homes Costa Rica","isPartOf":{"@id":"https:\/\/pacifichomescostarica.com\/fr\/#website"},"primaryImageOfPage":{"@id":"https:\/\/pacifichomescostarica.com\/fr\/politique-de-confidentialite\/#primaryimage"},"image":{"@id":"https:\/\/pacifichomescostarica.com\/fr\/politique-de-confidentialite\/#primaryimage"},"thumbnailUrl":"https:\/\/pacifichomescostarica.com\/wp-content\/uploads\/2023\/06\/about-me-pacific-homes-costa-rica.jpg","datePublished":"2024-09-24T17:29:12+00:00","dateModified":"2024-09-24T17:45:55+00:00","breadcrumb":{"@id":"https:\/\/pacifichomescostarica.com\/fr\/politique-de-confidentialite\/#breadcrumb"},"inLanguage":"fr-FR","potentialAction":[{"@type":"ReadAction","target":["https:\/\/pacifichomescostarica.com\/fr\/politique-de-confidentialite\/"]}]},{"@type":"ImageObject","inLanguage":"fr-FR","@id":"https:\/\/pacifichomescostarica.com\/fr\/politique-de-confidentialite\/#primaryimage","url":"https:\/\/pacifichomescostarica.com\/wp-content\/uploads\/2023\/06\/about-me-pacific-homes-costa-rica.jpg","contentUrl":"https:\/\/pacifichomescostarica.com\/wp-content\/uploads\/2023\/06\/about-me-pacific-homes-costa-rica.jpg","width":960,"height":450,"caption":"about-me-pacific-homes-costa-rica"},{"@type":"BreadcrumbList","@id":"https:\/\/pacifichomescostarica.com\/fr\/politique-de-confidentialite\/#breadcrumb","itemListElement":[{"@type":"ListItem","position":1,"name":"Home","item":"https:\/\/pacifichomescostarica.com\/fr\/"},{"@type":"ListItem","position":2,"name":"Politique de confidentialit\u00e9"}]},{"@type":"WebSite","@id":"https:\/\/pacifichomescostarica.com\/fr\/#website","url":"https:\/\/pacifichomescostarica.com\/fr\/","name":"Pacific Homes Costa Rica","description":"Real Estate in Samara","publisher":{"@id":"https:\/\/pacifichomescostarica.com\/fr\/#organization"},"potentialAction":[{"@type":"SearchAction","target":{"@type":"EntryPoint","urlTemplate":"https:\/\/pacifichomescostarica.com\/fr\/?s={search_term_string}"},"query-input":{"@type":"PropertyValueSpecification","valueRequired":true,"valueName":"search_term_string"}}],"inLanguage":"fr-FR"},{"@type":"Organization","@id":"https:\/\/pacifichomescostarica.com\/fr\/#organization","name":"Pacific Homes Costa Rica","url":"https:\/\/pacifichomescostarica.com\/fr\/","logo":{"@type":"ImageObject","inLanguage":"fr-FR","@id":"https:\/\/pacifichomescostarica.com\/fr\/#\/schema\/logo\/image\/","url":"https:\/\/pacifichomescostarica.com\/wp-content\/uploads\/2023\/04\/Nouveau-Logo-Blanc-transparent-1.png","contentUrl":"https:\/\/pacifichomescostarica.com\/wp-content\/uploads\/2023\/04\/Nouveau-Logo-Blanc-transparent-1.png","width":1084,"height":462,"caption":"Pacific Homes Costa Rica"},"image":{"@id":"https:\/\/pacifichomescostarica.com\/fr\/#\/schema\/logo\/image\/"}}]}},"_links":{"self":[{"href":"https:\/\/pacifichomescostarica.com\/fr\/wp-json\/wp\/v2\/pages\/16518","targetHints":{"allow":["GET"]}}],"collection":[{"href":"https:\/\/pacifichomescostarica.com\/fr\/wp-json\/wp\/v2\/pages"}],"about":[{"href":"https:\/\/pacifichomescostarica.com\/fr\/wp-json\/wp\/v2\/types\/page"}],"author":[{"embeddable":true,"href":"https:\/\/pacifichomescostarica.com\/fr\/wp-json\/wp\/v2\/users\/1"}],"replies":[{"embeddable":true,"href":"https:\/\/pacifichomescostarica.com\/fr\/wp-json\/wp\/v2\/comments?post=16518"}],"version-history":[{"count":0,"href":"https:\/\/pacifichomescostarica.com\/fr\/wp-json\/wp\/v2\/pages\/16518\/revisions"}],"wp:featuredmedia":[{"embeddable":true,"href":"https:\/\/pacifichomescostarica.com\/fr\/wp-json\/wp\/v2\/media\/5013"}],"wp:attachment":[{"href":"https:\/\/pacifichomescostarica.com\/fr\/wp-json\/wp\/v2\/media?parent=16518"}],"curies":[{"name":"wp","href":"https:\/\/api.w.org\/{rel}","templated":true}]}}